{"id":200,"date":"2015-07-26T13:17:56","date_gmt":"2015-07-26T11:17:56","guid":{"rendered":"http:\/\/santosyblazquez.com\/?page_id=200"},"modified":"2021-01-07T18:01:39","modified_gmt":"2021-01-07T17:01:39","slug":"our-team","status":"publish","type":"page","link":"https:\/\/santosyblazquez.com\/index.php\/our-team\/","title":{"rendered":"Nuestro Equipo"},"content":{"rendered":"<p>[et_pb_section fb_built=\u00bb1&#8243; admin_label=\u00bbsection\u00bb _builder_version=\u00bb3.22&#8243;][et_pb_row use_custom_gutter=\u00bbon\u00bb gutter_width=\u00bb1&#8243; padding_mobile=\u00bboff\u00bb column_padding_mobile=\u00bbon\u00bb admin_label=\u00bbrow\u00bb module_class=\u00bb et_pb_row_fullwidth\u00bb _builder_version=\u00bb3.25&#8243; background_size=\u00bbinitial\u00bb background_position=\u00bbtop_left\u00bb background_repeat=\u00bbrepeat\u00bb width=\u00bb100%\u00bb width_tablet=\u00bb100%\u00bb width_phone=\u00bb\u00bb width_last_edited=\u00bbon|desktop\u00bb max_width=\u00bb100%\u00bb max_width_tablet=\u00bb100%\u00bb max_width_phone=\u00bb\u00bb max_width_last_edited=\u00bbon|desktop\u00bb custom_padding=\u00bb0px|0px\u00bb make_fullwidth=\u00bbon\u00bb use_custom_width=\u00bboff\u00bb width_unit=\u00bbon\u00bb][et_pb_column type=\u00bb4_4&#8243; _builder_version=\u00bb3.25&#8243; custom_padding=\u00bb|||\u00bb custom_padding__hover=\u00bb|||\u00bb][et_pb_slider admin_label=\u00bbSlider\u00bb _builder_version=\u00bb4.7.7&#8243; custom_padding=\u00bb|||\u00bb custom_padding_tablet=\u00bb|||\u00bb custom_padding_phone=\u00bb|||\u00bb auto=\u00bbon\u00bb hover_enabled=\u00bb0&#8243; box_shadow_style=\u00bbpreset6&#8243; box_shadow_blur=\u00bb10px\u00bb box_shadow_color=\u00bbrgba(0,0,0,0.1)\u00bb remove_inner_shadow=\u00bboff\u00bb hide_content_on_mobile=\u00bboff\u00bb hide_cta_on_mobile=\u00bboff\u00bb show_inner_shadow=\u00bbon\u00bb button_letter_spacing_hover=\u00bb0&#8243; button_text_size__hover_enabled=\u00bboff\u00bb button_one_text_size__hover_enabled=\u00bboff\u00bb button_two_text_size__hover_enabled=\u00bboff\u00bb button_text_color__hover_enabled=\u00bboff\u00bb button_one_text_color__hover_enabled=\u00bboff\u00bb button_two_text_color__hover_enabled=\u00bboff\u00bb button_border_width__hover_enabled=\u00bboff\u00bb button_one_border_width__hover_enabled=\u00bboff\u00bb button_two_border_width__hover_enabled=\u00bboff\u00bb button_border_color__hover_enabled=\u00bboff\u00bb button_one_border_color__hover_enabled=\u00bboff\u00bb button_two_border_color__hover_enabled=\u00bboff\u00bb button_border_radius__hover_enabled=\u00bboff\u00bb button_one_border_radius__hover_enabled=\u00bboff\u00bb button_two_border_radius__hover_enabled=\u00bboff\u00bb button_letter_spacing__hover_enabled=\u00bbon\u00bb button_letter_spacing__hover=\u00bb0&#8243; button_one_letter_spacing__hover_enabled=\u00bboff\u00bb button_two_letter_spacing__hover_enabled=\u00bboff\u00bb button_bg_color__hover_enabled=\u00bboff\u00bb button_one_bg_color__hover_enabled=\u00bboff\u00bb button_two_bg_color__hover_enabled=\u00bboff\u00bb sticky_enabled=\u00bb0&#8243;][et_pb_slide heading=\u00bbCultura y Diversidad\u00bb _builder_version=\u00bb4.7.7&#8243; background_color=\u00bb#27c9b9&#8243; background_image=\u00bbhttps:\/\/santosyblazquez.com\/wp-content\/uploads\/2015\/07\/Francia-2014-153035.jpg\u00bb button_icon_placement=\u00bbright\u00bb button_on_hover=\u00bbon\u00bb hover_enabled=\u00bb0&#8243; button_text_size__hover_enabled=\u00bboff\u00bb button_one_text_size__hover_enabled=\u00bboff\u00bb button_two_text_size__hover_enabled=\u00bboff\u00bb button_text_color__hover_enabled=\u00bboff\u00bb button_one_text_color__hover_enabled=\u00bboff\u00bb button_two_text_color__hover_enabled=\u00bboff\u00bb button_border_width__hover_enabled=\u00bboff\u00bb button_one_border_width__hover_enabled=\u00bboff\u00bb button_two_border_width__hover_enabled=\u00bboff\u00bb button_border_color__hover_enabled=\u00bboff\u00bb button_one_border_color__hover_enabled=\u00bboff\u00bb button_two_border_color__hover_enabled=\u00bboff\u00bb button_border_radius__hover_enabled=\u00bboff\u00bb button_one_border_radius__hover_enabled=\u00bboff\u00bb button_two_border_radius__hover_enabled=\u00bboff\u00bb button_letter_spacing__hover_enabled=\u00bboff\u00bb button_one_letter_spacing__hover_enabled=\u00bboff\u00bb button_two_letter_spacing__hover_enabled=\u00bboff\u00bb button_bg_color__hover_enabled=\u00bboff\u00bb button_one_bg_color__hover_enabled=\u00bboff\u00bb button_two_bg_color__hover_enabled=\u00bboff\u00bb sticky_transition=\u00bbon\u00bb sticky_enabled=\u00bb0&#8243;]<\/p>\n<p style=\"text-align: justify;\">Santos Bl\u00e1zquez lo conforman abogados, personal de administraci\u00f3n y multidisciplinar que comparten la creencia de que las relaciones, el trato cercano y profesional son lo m\u00e1s importante cuando se trata de apoyar e interactuar con nuestros clientes. Trabajamos con el convencimiento de que la mayor medida de nuestros logros es el elevado n\u00famero de relaciones con nuestros clientes actuales que orgullosamente mantenemos.<\/p>\n<p style=\"text-align: justify;\">Te invitamos a conocer m\u00e1s de cerca nuestra firma y su personal descubrir\u00e1s lo que nos hace diferente<\/p>\n<p>[\/et_pb_slide][\/et_pb_slider][\/et_pb_column][\/et_pb_row][et_pb_row padding_mobile=\u00bboff\u00bb column_padding_mobile=\u00bbon\u00bb admin_label=\u00bbrow\u00bb _builder_version=\u00bb3.25&#8243; background_size=\u00bbinitial\u00bb background_position=\u00bbtop_left\u00bb background_repeat=\u00bbrepeat\u00bb custom_padding=\u00bb|\u00bb make_fullwidth=\u00bboff\u00bb use_custom_width=\u00bboff\u00bb width_unit=\u00bbon\u00bb][et_pb_column type=\u00bb4_4&#8243; _builder_version=\u00bb3.25&#8243; custom_padding=\u00bb|||\u00bb custom_padding__hover=\u00bb|||\u00bb][et_pb_text admin_label=\u00bbTexto\u00bb _builder_version=\u00bb3.27.4&#8243; text_font_size=\u00bb16&#8243; background_size=\u00bbinitial\u00bb background_position=\u00bbtop_left\u00bb background_repeat=\u00bbrepeat\u00bb use_border_color=\u00bboff\u00bb border_color=\u00bb#ffffff\u00bb border_style=\u00bbsolid\u00bb]<\/p>\n<p style=\"text-align: justify;\">Estamos preparados para defender tus derechos. Estamos preparados para estar cerca de ti en todas las situaciones y todos los contextos de actuaci\u00f3n.<\/p>\n<p style=\"text-align: justify;\">Pr\u00f3ximos en tus negocios, pr\u00f3ximos en dedicaci\u00f3n, pr\u00f3ximos en tus situaciones laborales, pr\u00f3ximos en tu d\u00eda a d\u00eda y pr\u00f3ximos en tus situaciones personales.<\/p>\n<p style=\"text-align: justify;\">Con nuestra firma legal y nuestro equipo de profesionales cercano, efectivo y solucionador, lucharemos codo con codo junto a ti para lograr los mayores \u00e9xitos de cada situaci\u00f3n, logrando tu bienestar y nuestra satisfacci\u00f3n profesional.<\/p>\n<p style=\"text-align: justify;\">Nuestro equipo de profesionales est\u00e1 altamente cualificado para llevar tu caso. Contamos con personal\u00a0 especializado en todas las ramas del derecho y lograremos que tu experiencia con nosotros sea altamente satisfactoria.<\/p>\n<p style=\"text-align: justify;\">Estamos para ayudarte a solucionar cualquier problema sea cual sea la magnitud del mismo, haremos que no te sientas solo.<\/p>\n<p>[\/et_pb_text][\/et_pb_column][\/et_pb_row][\/et_pb_section][et_pb_section fb_built=\u00bb1&#8243; inner_shadow=\u00bbon\u00bb fullwidth=\u00bbon\u00bb admin_label=\u00bbsection\u00bb _builder_version=\u00bb3.22&#8243; background_color=\u00bb#f7f7f7&#8243;][et_pb_fullwidth_header title=\u00bbSantos Bl\u00e1zquez valores fundamentales de trabajo en equipo enfocado al servicio al cliente\u00bb text_orientation=\u00bbcenter\u00bb content_max_width=\u00bbnone\u00bb admin_label=\u00bbFullwidth Header\u00bb _builder_version=\u00bb4.7.7&#8243; background_color=\u00bbrgba(255, 255, 255, 0)\u00bb background_layout=\u00bblight\u00bb hover_enabled=\u00bb0&#8243; button_one_letter_spacing_hover=\u00bb0&#8243; button_two_letter_spacing_hover=\u00bb0&#8243; button_one_text_size__hover_enabled=\u00bboff\u00bb button_two_text_size__hover_enabled=\u00bboff\u00bb button_one_text_color__hover_enabled=\u00bboff\u00bb button_two_text_color__hover_enabled=\u00bboff\u00bb button_one_border_width__hover_enabled=\u00bboff\u00bb button_two_border_width__hover_enabled=\u00bboff\u00bb button_one_border_color__hover_enabled=\u00bboff\u00bb button_two_border_color__hover_enabled=\u00bboff\u00bb button_one_border_radius__hover_enabled=\u00bboff\u00bb button_two_border_radius__hover_enabled=\u00bboff\u00bb button_one_letter_spacing__hover_enabled=\u00bbon\u00bb button_one_letter_spacing__hover=\u00bb0&#8243; button_two_letter_spacing__hover_enabled=\u00bbon\u00bb button_two_letter_spacing__hover=\u00bb0&#8243; button_one_bg_color__hover_enabled=\u00bboff\u00bb button_two_bg_color__hover_enabled=\u00bboff\u00bb sticky_enabled=\u00bb0&#8243;][\/et_pb_fullwidth_header][\/et_pb_section][et_pb_section fb_built=\u00bb1&#8243; admin_label=\u00bbsection\u00bb _builder_version=\u00bb3.22&#8243;][et_pb_row column_structure=\u00bb1_3,1_3,1_3&#8243; padding_mobile=\u00bboff\u00bb column_padding_mobile=\u00bbon\u00bb admin_label=\u00bbrow\u00bb _builder_version=\u00bb3.25&#8243; background_size=\u00bbinitial\u00bb background_position=\u00bbtop_left\u00bb background_repeat=\u00bbrepeat\u00bb make_fullwidth=\u00bboff\u00bb use_custom_width=\u00bboff\u00bb width_unit=\u00bbon\u00bb][et_pb_column type=\u00bb1_3&#8243; _builder_version=\u00bb3.25&#8243; custom_padding=\u00bb|||\u00bb custom_padding__hover=\u00bb|||\u00bb][et_pb_team_member name=\u00bbJohn Locke\u00bb image_url=\u00bbhttps:\/\/santosyblazquez.com\/wp-content\/uploads\/2015\/07\/Vacaciones-Asturias-2013-0425.jpg\u00bb icon_color=\u00bb#066ee5&#8243; admin_label=\u00bbPersona\u00bb _builder_version=\u00bb3.12.3&#8243; background_size=\u00bbinitial\u00bb background_position=\u00bbtop_left\u00bb background_repeat=\u00bbrepeat\u00bb animation=\u00bbleft\u00bb border_width_all=\u00bb0px\u00bb border_color_all=\u00bb#8c8c8c\u00bb border_style_all=\u00bbsolid\u00bb use_border_color=\u00bbon\u00bb border_color=\u00bb#8c8c8c\u00bb border_style=\u00bbsolid\u00bb icon_hover_color=\u00bb#150c3a\u00bb icon_color__hover=\u00bb#150c3a\u00bb icon_color__hover_enabled=\u00bbon\u00bb]&nbsp;<\/p>\n<p>\u201cDonde no hay ley no hay libertad. Pues la libertad ha de ser el estar libre de las restricciones y la violencia de otros, lo cual no puede existir si no hay ley; y no es, como se nos dice, \u2018una libertad para que todo hombre haga lo que quiera\u2019. Pues \u00bfqui\u00e9n pudiera estar libre al estar dominado por los caprichos de todos los dem\u00e1s?\u201d<\/p>\n<p>&nbsp;<br \/>\n[\/et_pb_team_member][\/et_pb_column][et_pb_column type=\u00bb1_3&#8243; _builder_version=\u00bb3.25&#8243; custom_padding=\u00bb|||\u00bb custom_padding__hover=\u00bb|||\u00bb][et_pb_team_member name=\u00bbMarco Tulio Cicer\u00f3n\u00bb image_url=\u00bbhttps:\/\/santosyblazquez.com\/wp-content\/uploads\/2015\/07\/Vacaciones-Asturias-2013-0394.jpg\u00bb icon_color=\u00bb#066ee5&#8243; admin_label=\u00bbPersona\u00bb _builder_version=\u00bb3.12.3&#8243; background_size=\u00bbinitial\u00bb background_position=\u00bbtop_left\u00bb background_repeat=\u00bbrepeat\u00bb animation=\u00bbbottom\u00bb border_width_all=\u00bb0px\u00bb border_color_all=\u00bb#8c8c8c\u00bb border_style_all=\u00bbsolid\u00bb use_border_color=\u00bbon\u00bb border_color=\u00bb#8c8c8c\u00bb border_style=\u00bbsolid\u00bb icon_hover_color=\u00bb#150c3a\u00bb icon_color__hover=\u00bb#150c3a\u00bb icon_color__hover_enabled=\u00bbon\u00bb]&nbsp;<\/p>\n<p><em>Lex ratio summa insita in natura, quae jubet ea, quae facienda sunt, prohibetque contraria.<\/em><\/p>\n<p>\u00abLa ley es la raz\u00f3n suma enclavada en la naturaleza, y que ordena lo que debe hacerse y prohibe lo contrario\u00bb.<\/p>\n<p><em>Legum servi sumus ut liberi esse possimus.<\/em><\/p>\n<p>\u00abSomos esclavos de las leyes para que podamos ser libres\u00bb<br \/>\n[\/et_pb_team_member][\/et_pb_column][et_pb_column type=\u00bb1_3&#8243; _builder_version=\u00bb3.25&#8243; custom_padding=\u00bb|||\u00bb custom_padding__hover=\u00bb|||\u00bb][et_pb_team_member name=\u00bbDomicio Ulpiano\u00bb image_url=\u00bbhttps:\/\/santosyblazquez.com\/wp-content\/uploads\/2015\/07\/Vacaciones-Asturias-2013-0288.jpg\u00bb icon_color=\u00bb#066ee5&#8243; admin_label=\u00bbPersona\u00bb _builder_version=\u00bb3.12.3&#8243; background_size=\u00bbinitial\u00bb background_position=\u00bbtop_left\u00bb background_repeat=\u00bbrepeat\u00bb animation=\u00bbright\u00bb border_width_all=\u00bb0px\u00bb border_color_all=\u00bb#8c8c8c\u00bb border_style_all=\u00bbsolid\u00bb use_border_color=\u00bbon\u00bb border_color=\u00bb#8c8c8c\u00bb border_style=\u00bbsolid\u00bb icon_hover_color=\u00bb#150c3a\u00bb icon_color__hover=\u00bb#150c3a\u00bb icon_color__hover_enabled=\u00bbon\u00bb]&nbsp;<\/p>\n<p><em>Iustitia est constans et perpetua voluntas ius suum cuique tribuendi.<\/em><\/p>\n<p>\u00abLa justicia es la constante y perpetua voluntad de dar a cada uno su derecho\u00bb<\/p>\n<p><em>Nam, ut eleganter Celsus definit, ius est ars boni et aequi.<\/em><\/p>\n<p>\u00abComo Celso defini\u00f3 elegantemente, el derecho es el arte de lo bueno y lo justo\u00bb<br \/>\n[\/et_pb_team_member][\/et_pb_column][\/et_pb_row][\/et_pb_section][et_pb_section fb_built=\u00bb1&#8243; admin_label=\u00bbsection\u00bb _builder_version=\u00bb3.22&#8243; background_color=\u00bb#ffffff\u00bb][et_pb_row use_custom_gutter=\u00bbon\u00bb gutter_width=\u00bb1&#8243; padding_mobile=\u00bboff\u00bb column_padding_mobile=\u00bbon\u00bb admin_label=\u00bbrow\u00bb module_class=\u00bb et_pb_row_fullwidth\u00bb _builder_version=\u00bb3.25&#8243; background_size=\u00bbinitial\u00bb background_position=\u00bbtop_left\u00bb background_repeat=\u00bbrepeat\u00bb width=\u00bb100%\u00bb width_tablet=\u00bb100%\u00bb width_phone=\u00bb\u00bb width_last_edited=\u00bbon|desktop\u00bb max_width=\u00bb100%\u00bb max_width_tablet=\u00bb100%\u00bb max_width_phone=\u00bb\u00bb max_width_last_edited=\u00bbon|desktop\u00bb custom_padding=\u00bb0px|0px\u00bb make_fullwidth=\u00bbon\u00bb use_custom_width=\u00bboff\u00bb width_unit=\u00bboff\u00bb custom_width_px=\u00bb500px\u00bb custom_width_percent=\u00bb1%\u00bb][et_pb_column type=\u00bb4_4&#8243; _builder_version=\u00bb3.25&#8243; custom_padding=\u00bb|||\u00bb custom_padding__hover=\u00bb|||\u00bb][et_pb_cta title=\u00bbQueremos conocerte\u00bb button_url=\u00bbhttps:\/\/santosyblazquez.com\/index.php\/where-we-are\/\u00bb button_text=\u00bbContacto\u00bb admin_label=\u00bbCall To Action\u00bb _builder_version=\u00bb3.16&#8243; header_font_size=\u00bb30&#8243; body_font_size=\u00bb20&#8243; background_color=\u00bb#2ea3f2&#8243; background_image=\u00bbhttps:\/\/santosyblazquez.com\/wp-content\/uploads\/2015\/07\/Madrid-agosto-2010-0040.jpg\u00bb background_size=\u00bbinitial\u00bb background_position=\u00bbtop_left\u00bb background_repeat=\u00bbrepeat\u00bb button_letter_spacing_hover=\u00bb0&#8243; use_border_color=\u00bboff\u00bb border_color=\u00bb#ffffff\u00bb border_style=\u00bbsolid\u00bb saved_tabs=\u00bball\u00bb button_text_size__hover_enabled=\u00bboff\u00bb button_one_text_size__hover_enabled=\u00bboff\u00bb button_two_text_size__hover_enabled=\u00bboff\u00bb button_text_color__hover_enabled=\u00bboff\u00bb button_one_text_color__hover_enabled=\u00bboff\u00bb button_two_text_color__hover_enabled=\u00bboff\u00bb button_border_width__hover_enabled=\u00bboff\u00bb button_one_border_width__hover_enabled=\u00bboff\u00bb button_two_border_width__hover_enabled=\u00bboff\u00bb button_border_color__hover_enabled=\u00bboff\u00bb button_one_border_color__hover_enabled=\u00bboff\u00bb button_two_border_color__hover_enabled=\u00bboff\u00bb button_border_radius__hover_enabled=\u00bboff\u00bb button_one_border_radius__hover_enabled=\u00bboff\u00bb button_two_border_radius__hover_enabled=\u00bboff\u00bb button_letter_spacing__hover_enabled=\u00bbon\u00bb button_letter_spacing__hover=\u00bb0&#8243; button_one_letter_spacing__hover_enabled=\u00bboff\u00bb button_two_letter_spacing__hover_enabled=\u00bboff\u00bb button_bg_color__hover_enabled=\u00bboff\u00bb button_one_bg_color__hover_enabled=\u00bboff\u00bb button_two_bg_color__hover_enabled=\u00bboff\u00bb]Para conocer m\u00e1s sobre nuestros servicios y como podemos asesorarte con tus necesidades de asistencia legal, ponte en contacto con nosotros.<br \/>\n[\/et_pb_cta][\/et_pb_column][\/et_pb_row][\/et_pb_section]<\/p>\n","protected":false},"excerpt":{"rendered":"<p>Santos Bl\u00e1zquez lo conforman abogados, personal de administraci\u00f3n y multidisciplinar que comparten la creencia de que las relaciones, el trato cercano y profesional son lo m\u00e1s importante cuando se trata de apoyar e interactuar con nuestros clientes. Trabajamos con el convencimiento de que la mayor medida de nuestros logros es el elevado n\u00famero de relaciones [&hellip;]<\/p>\n","protected":false},"author":1,"featured_media":0,"parent":0,"menu_order":5,"comment_status":"closed","ping_status":"closed","template":"","meta":{"_et_pb_use_builder":"on","_et_pb_old_content":"","_et_gb_content_width":"","footnotes":""},"class_list":["post-200","page","type-page","status-publish","hentry"],"_links":{"self":[{"href":"https:\/\/santosyblazquez.com\/index.php\/wp-json\/wp\/v2\/pages\/200","targetHints":{"allow":["GET"]}}],"collection":[{"href":"https:\/\/santosyblazquez.com\/index.php\/wp-json\/wp\/v2\/pages"}],"about":[{"href":"https:\/\/santosyblazquez.com\/index.php\/wp-json\/wp\/v2\/types\/page"}],"author":[{"embeddable":true,"href":"https:\/\/santosyblazquez.com\/index.php\/wp-json\/wp\/v2\/users\/1"}],"replies":[{"embeddable":true,"href":"https:\/\/santosyblazquez.com\/index.php\/wp-json\/wp\/v2\/comments?post=200"}],"version-history":[{"count":48,"href":"https:\/\/santosyblazquez.com\/index.php\/wp-json\/wp\/v2\/pages\/200\/revisions"}],"predecessor-version":[{"id":804,"href":"https:\/\/santosyblazquez.com\/index.php\/wp-json\/wp\/v2\/pages\/200\/revisions\/804"}],"wp:attachment":[{"href":"https:\/\/santosyblazquez.com\/index.php\/wp-json\/wp\/v2\/media?parent=200"}],"curies":[{"name":"wp","href":"https:\/\/api.w.org\/{rel}","templated":true}]}}